{"id":70,"date":"2020-10-18T18:14:29","date_gmt":"2020-10-18T17:14:29","guid":{"rendered":"http:\/\/mikolasklir.cz\/?page_id=70"},"modified":"2024-06-12T10:03:47","modified_gmt":"2024-06-12T09:03:47","slug":"homepage","status":"publish","type":"page","link":"https:\/\/mikolasklir.cz\/","title":{"rendered":""},"content":{"rendered":"\n<div class=\"wp-block-group alignwide\"><div class=\"wp-block-group__inner-container is-layout-flow wp-block-group-is-layout-flow\">\n<figure class=\"wp-block-gallery has-nested-images columns-3 is-cropped wp-block-gallery-1 is-layout-flex wp-block-gallery-is-layout-flex\">\n<figure class=\"wp-block-image size-large is-style-default\"><img loading=\"lazy\" decoding=\"async\" width=\"576\" height=\"1024\" data-id=\"620\" src=\"https:\/\/mikolasklir.cz\/wp-content\/uploads\/2024\/05\/atak-576x1024.jpg\" alt=\"\" class=\"wp-image-620\" srcset=\"https:\/\/mikolasklir.cz\/wp-content\/uploads\/2024\/05\/atak-576x1024.jpg 576w, https:\/\/mikolasklir.cz\/wp-content\/uploads\/2024\/05\/atak-169x300.jpg 169w, https:\/\/mikolasklir.cz\/wp-content\/uploads\/2024\/05\/atak.jpg 720w\" sizes=\"auto, (max-width: 576px) 100vw, 576px\" \/><\/figure>\n\n\n\n<figure class=\"wp-block-image size-full\"><img loading=\"lazy\" decoding=\"async\" width=\"720\" height=\"960\" data-id=\"623\" src=\"https:\/\/mikolasklir.cz\/wp-content\/uploads\/2024\/05\/krysar.jpg\" alt=\"\" class=\"wp-image-623\" srcset=\"https:\/\/mikolasklir.cz\/wp-content\/uploads\/2024\/05\/krysar.jpg 720w, https:\/\/mikolasklir.cz\/wp-content\/uploads\/2024\/05\/krysar-225x300.jpg 225w\" sizes=\"auto, (max-width: 720px) 100vw, 720px\" \/><\/figure>\n\n\n\n<figure class=\"wp-block-image size-large\"><img loading=\"lazy\" decoding=\"async\" width=\"702\" height=\"1024\" data-id=\"594\" src=\"https:\/\/mikolasklir.cz\/wp-content\/uploads\/2023\/01\/h-n-final-702x1024.png\" alt=\"\" class=\"wp-image-594\" srcset=\"https:\/\/mikolasklir.cz\/wp-content\/uploads\/2023\/01\/h-n-final-702x1024.png 702w, https:\/\/mikolasklir.cz\/wp-content\/uploads\/2023\/01\/h-n-final-206x300.png 206w, https:\/\/mikolasklir.cz\/wp-content\/uploads\/2023\/01\/h-n-final-768x1120.png 768w, https:\/\/mikolasklir.cz\/wp-content\/uploads\/2023\/01\/h-n-final.png 1008w\" sizes=\"auto, (max-width: 702px) 100vw, 702px\" \/><\/figure>\n<\/figure>\n<\/div><\/div>\n\n\n\n<hr class=\"wp-block-separator has-text-color has-black-color has-css-opacity has-black-background-color has-background is-style-wide\"\/>\n\n\n\n<h2 class=\"wp-block-heading has-text-align-center\" id=\"o-mne\" style=\"font-size:25px\">O MN\u011a<\/h2>\n\n\n\n<p>Mikol\u00e1\u0161 Kl\u00edr se narodil v roce 1990 v Praze. Vystudoval St\u0159edn\u00ed um\u011bleckopr\u016fmyslovou \u0161kolu v Turnov\u011b, obor um\u011bleck\u00e9 sl\u00e9v\u00e1n\u00ed kov\u016f. V dal\u0161\u00edch letech studoval tak\u00e9 estetiku, v\u00fdtvarnou v\u00fdchovu a geografii. Absolvoval n\u011bkolik samostatn\u00fdch i spole\u010dn\u00fdch v\u00fdstav v \u010cesku i zahrani\u010d\u00ed.<\/p>\n\n\n\n<p>Jeho obl\u00edbenou technikou je olejomalba, ale v jeho tvorb\u011b najdeme i akryl, \u010di specifick\u00e9 techniky, jako je betonov\u00e1 st\u011brka. V\u011bnuje se i socha\u0159stv\u00ed a tvorb\u011b plastik, p\u0159ev\u00e1\u017en\u011b z betonu.<\/p>\n\n\n\n<div class=\"wp-block-media-text alignwide has-media-on-the-right is-stacked-on-mobile is-vertically-aligned-top\"><div class=\"wp-block-media-text__content\">\n<p class=\"has-medium-font-size\">\u201eUm\u011bn\u00ed je pro mne synonymem svobody a svobodn\u00e9mu projevu se nepat\u0159\u00ed kl\u00e1st do cesty p\u0159ek\u00e1\u017eky jako je dikt\u00e1t formy \u010di obsahu. Um\u011bn\u00ed umo\u017e\u0148uje autorovi tvo\u0159it a div\u00e1kovi vn\u00edmat t\u00e9m\u011b\u0159 cokoli a d\u00e1v\u00e1 tak na odiv jedin\u010dnost svou i autorovu.\u201c<\/p>\n<\/div><figure class=\"wp-block-media-text__media\"><img loading=\"lazy\" decoding=\"async\" width=\"798\" height=\"1024\" src=\"https:\/\/mikolasklir.cz\/wp-content\/uploads\/2022\/01\/MikolasKlirPortrait_web-798x1024.jpg\" alt=\"\" class=\"wp-image-398 size-full\" srcset=\"https:\/\/mikolasklir.cz\/wp-content\/uploads\/2022\/01\/MikolasKlirPortrait_web-798x1024.jpg 798w, https:\/\/mikolasklir.cz\/wp-content\/uploads\/2022\/01\/MikolasKlirPortrait_web-234x300.jpg 234w, https:\/\/mikolasklir.cz\/wp-content\/uploads\/2022\/01\/MikolasKlirPortrait_web-768x985.jpg 768w, https:\/\/mikolasklir.cz\/wp-content\/uploads\/2022\/01\/MikolasKlirPortrait_web-1197x1536.jpg 1197w, https:\/\/mikolasklir.cz\/wp-content\/uploads\/2022\/01\/MikolasKlirPortrait_web-1596x2048.jpg 1596w, https:\/\/mikolasklir.cz\/wp-content\/uploads\/2022\/01\/MikolasKlirPortrait_web.jpg 1824w\" sizes=\"auto, (max-width: 798px) 100vw, 798px\" \/><\/figure><\/div>\n\n\n\n<p>Ve sv\u00e9 tvorb\u011b \u010dasto uplat\u0148uje motivy lidsk\u00e9 postavy a r\u016fzn\u00e9 symbolick\u00e9 p\u0159edm\u011bty, zasazen\u00e9 do fantaskn\u00edch krajin, tolik specifick\u00fdch pro jeho d\u00edla, nesoucich v sob\u011b surrealistick\u00e9, symbolistick\u00e9 i romantistick\u00e9 prvky.<\/p>\n\n\n\n<h2 class=\"wp-block-heading has-text-align-center\" id=\"moje-tvorba\" style=\"font-size:22px\">MOJE TVORBA<\/h2>\n\n\n\n<hr class=\"wp-block-separator has-css-opacity is-style-default\"\/>\n\n\n\n<div class=\"wp-block-columns is-layout-flex wp-container-core-columns-is-layout-9d6595d7 wp-block-columns-is-layout-flex\">\n<div class=\"wp-block-column is-layout-flow wp-block-column-is-layout-flow\">\n<div class=\"wp-block-cover\" style=\"min-height:162px;aspect-ratio:unset;\"><span aria-hidden=\"true\" class=\"wp-block-cover__background has-background-dim\"><\/span><img loading=\"lazy\" decoding=\"async\" width=\"150\" height=\"150\" class=\"wp-block-cover__image-background wp-image-383\" alt=\"\" src=\"https:\/\/mikolasklir.cz\/wp-content\/uploads\/2022\/01\/kam-ted-150x150.jpg\" style=\"object-position:0% 100%\" data-object-fit=\"cover\" data-object-position=\"0% 100%\"\/><div class=\"wp-block-cover__inner-container is-layout-flow wp-block-cover-is-layout-flow\">\n<p class=\"has-text-align-center has-medium-font-size\" style=\"font-style:normal;font-weight:700\"><a href=\"https:\/\/mikolasklir.cz\/?page_id=77\"><mark style=\"background-color:rgba(0, 0, 0, 0)\" class=\"has-inline-color has-white-color\">OBRAZY<\/mark><\/a><\/p>\n<\/div><\/div>\n<\/div>\n\n\n\n<div class=\"wp-block-column is-layout-flow wp-block-column-is-layout-flow\">\n<div class=\"wp-block-cover\" style=\"min-height:162px;aspect-ratio:unset;\"><span aria-hidden=\"true\" class=\"wp-block-cover__background has-background-dim-10 has-background-dim\"><\/span><img loading=\"lazy\" decoding=\"async\" width=\"150\" height=\"150\" class=\"wp-block-cover__image-background wp-image-379\" alt=\"\" src=\"https:\/\/mikolasklir.cz\/wp-content\/uploads\/2022\/01\/lampa-1-150x150.jpg\" style=\"object-position:14% 0%\" data-object-fit=\"cover\" data-object-position=\"14% 0%\"\/><div class=\"wp-block-cover__inner-container is-layout-flow wp-block-cover-is-layout-flow\">\n<p class=\"has-text-align-center has-medium-font-size\" style=\"font-style:normal;font-weight:700\"><a href=\"https:\/\/mikolasklir.cz\/?page_id=173\"><mark style=\"background-color:rgba(0, 0, 0, 0)\" class=\"has-inline-color has-white-color\">PLASTIKY<\/mark><\/a><\/p>\n<\/div><\/div>\n<\/div>\n\n\n\n<div class=\"wp-block-column is-layout-flow wp-block-column-is-layout-flow\">\n<div class=\"wp-block-cover is-light\" style=\"min-height:159px;aspect-ratio:unset;\"><span aria-hidden=\"true\" class=\"wp-block-cover__background has-background-dim-40 has-background-dim\"><\/span><img loading=\"lazy\" decoding=\"async\" width=\"150\" height=\"150\" class=\"wp-block-cover__image-background wp-image-380\" alt=\"\" src=\"https:\/\/mikolasklir.cz\/wp-content\/uploads\/2022\/01\/grafika-1-1-e1643921264609-150x150.jpeg\" data-object-fit=\"cover\"\/><div class=\"wp-block-cover__inner-container is-layout-flow wp-block-cover-is-layout-flow\">\n<p class=\"has-text-align-center has-white-color has-text-color has-medium-font-size\" style=\"font-style:normal;font-weight:700\"><a href=\"https:\/\/mikolasklir.cz\/?page_id=175\"><mark style=\"background-color:rgba(0, 0, 0, 0)\" class=\"has-inline-color has-white-color\">GRAFIKA<\/mark><\/a><\/p>\n<\/div><\/div>\n<\/div>\n<\/div>\n\n\n\n<div style=\"height:100px\" aria-hidden=\"true\" class=\"wp-block-spacer\"><\/div>\n\n\n\n<h2 class=\"wp-block-heading has-text-align-center\" id=\"novinky\" style=\"font-size:22px\">NOVINKY<\/h2>\n\n\n\n<hr class=\"wp-block-separator has-css-opacity is-style-default\"\/>\n\n\n\n<div class=\"wp-block-columns is-layout-flex wp-container-core-columns-is-layout-9d6595d7 wp-block-columns-is-layout-flex\">\n<div class=\"wp-block-column is-layout-flow wp-block-column-is-layout-flow\"><\/div>\n<\/div>\n\n\n\n<div class=\"wp-block-group\"><div class=\"wp-block-group__inner-container is-layout-flow wp-block-group-is-layout-flow\"><ul class=\"wp-block-latest-posts__list is-grid columns-3 wp-block-latest-posts\"><li><div class=\"wp-block-latest-posts__featured-image\"><a href=\"https:\/\/mikolasklir.cz\/?p=603\" aria-label=\"\u010cupakab\u0159in sen na v\u00fdstav\u011b v Barcelon\u011b\"><img loading=\"lazy\" decoding=\"async\" width=\"300\" height=\"300\" src=\"https:\/\/mikolasklir.cz\/wp-content\/uploads\/2023\/01\/321304378_660060052514035_5913209453363753387_n-300x300.jpg\" class=\"attachment-medium size-medium wp-post-image\" alt=\"\" style=\"\" srcset=\"https:\/\/mikolasklir.cz\/wp-content\/uploads\/2023\/01\/321304378_660060052514035_5913209453363753387_n-300x300.jpg 300w, https:\/\/mikolasklir.cz\/wp-content\/uploads\/2023\/01\/321304378_660060052514035_5913209453363753387_n-1019x1024.jpg 1019w, https:\/\/mikolasklir.cz\/wp-content\/uploads\/2023\/01\/321304378_660060052514035_5913209453363753387_n-150x150.jpg 150w, https:\/\/mikolasklir.cz\/wp-content\/uploads\/2023\/01\/321304378_660060052514035_5913209453363753387_n-299x300.jpg 299w, https:\/\/mikolasklir.cz\/wp-content\/uploads\/2023\/01\/321304378_660060052514035_5913209453363753387_n.jpg 1073w\" sizes=\"auto, (max-width: 300px) 100vw, 300px\" \/><\/a><\/div><a class=\"wp-block-latest-posts__post-title\" href=\"https:\/\/mikolasklir.cz\/?p=603\">\u010cupakab\u0159in sen na v\u00fdstav\u011b v Barcelon\u011b<\/a><div class=\"wp-block-latest-posts__post-excerpt\">Leto\u0161n\u00ed V\u00e1noce jsem si trochu ozvl\u00e1\u0161tnil. Mezi sv\u00e1tky jsem si zalet\u011bl do &hellip; <a href=\"https:\/\/mikolasklir.cz\/?p=603\">Cel\u00fd p\u0159\u00edsp\u011bvek <span class=\"meta-nav\">&rarr;<\/span><\/a><\/div><\/li>\n<li><div class=\"wp-block-latest-posts__featured-image\"><a href=\"https:\/\/mikolasklir.cz\/?p=600\" aria-label=\"Dva m\u00e9 obrazy jsou oti\u0161t\u011bny v publikaci ORIGINAL GA\u14aa\u14a3ERY\"><img loading=\"lazy\" decoding=\"async\" width=\"300\" height=\"200\" src=\"https:\/\/mikolasklir.cz\/wp-content\/uploads\/2023\/01\/image0-300x200.jpeg\" class=\"attachment-medium size-medium wp-post-image\" alt=\"\" style=\"\" srcset=\"https:\/\/mikolasklir.cz\/wp-content\/uploads\/2023\/01\/image0-300x200.jpeg 300w, https:\/\/mikolasklir.cz\/wp-content\/uploads\/2023\/01\/image0-450x300.jpeg 450w, https:\/\/mikolasklir.cz\/wp-content\/uploads\/2023\/01\/image0.jpeg 640w\" sizes=\"auto, (max-width: 300px) 100vw, 300px\" \/><\/a><\/div><a class=\"wp-block-latest-posts__post-title\" href=\"https:\/\/mikolasklir.cz\/?p=600\">Dva m\u00e9 obrazy jsou oti\u0161t\u011bny v publikaci ORIGINAL GA\u14aa\u14a3ERY<\/a><div class=\"wp-block-latest-posts__post-excerpt\">\u010cesk\u00e1 internetov\u00e1 galerie ORIGINAL GA\u14aa\u14a3ERY vydala sb\u011bratelskou publikaci #jedin\u00e1obrazov\u00e1kniha v n\u00e1kladu 999 &hellip; <a href=\"https:\/\/mikolasklir.cz\/?p=600\">Cel\u00fd p\u0159\u00edsp\u011bvek <span class=\"meta-nav\">&rarr;<\/span><\/a><\/div><\/li>\n<li><div class=\"wp-block-latest-posts__featured-image\"><a href=\"https:\/\/mikolasklir.cz\/?p=572\" aria-label=\"ARTFEST \u0160ONOV 2022\"><img loading=\"lazy\" decoding=\"async\" width=\"212\" height=\"300\" src=\"https:\/\/mikolasklir.cz\/wp-content\/uploads\/2022\/12\/Artfest_Plakat_obrazek_Kreslici-platno-1-212x300.jpg\" class=\"attachment-medium size-medium wp-post-image\" alt=\"\" style=\"\" srcset=\"https:\/\/mikolasklir.cz\/wp-content\/uploads\/2022\/12\/Artfest_Plakat_obrazek_Kreslici-platno-1-212x300.jpg 212w, https:\/\/mikolasklir.cz\/wp-content\/uploads\/2022\/12\/Artfest_Plakat_obrazek_Kreslici-platno-1-724x1024.jpg 724w, https:\/\/mikolasklir.cz\/wp-content\/uploads\/2022\/12\/Artfest_Plakat_obrazek_Kreslici-platno-1-768x1086.jpg 768w, https:\/\/mikolasklir.cz\/wp-content\/uploads\/2022\/12\/Artfest_Plakat_obrazek_Kreslici-platno-1-1086x1536.jpg 1086w, https:\/\/mikolasklir.cz\/wp-content\/uploads\/2022\/12\/Artfest_Plakat_obrazek_Kreslici-platno-1.jpg 1414w\" sizes=\"auto, (max-width: 212px) 100vw, 212px\" \/><\/a><\/div><a class=\"wp-block-latest-posts__post-title\" href=\"https:\/\/mikolasklir.cz\/?p=572\">ARTFEST \u0160ONOV 2022<\/a><div class=\"wp-block-latest-posts__post-excerpt\">Letos se uskute\u010dnil prvn\u00ed ro\u010dn\u00edk um\u011bleck\u00e9ho sympozia ARTFEST \u0160onov, kter\u00e9 po\u0159\u00e1dal m\u016fj &hellip; <a href=\"https:\/\/mikolasklir.cz\/?p=572\">Cel\u00fd p\u0159\u00edsp\u011bvek <span class=\"meta-nav\">&rarr;<\/span><\/a><\/div><\/li>\n<\/ul><\/div><\/div>\n\n\n\n<p><\/p>\n","protected":false},"excerpt":{"rendered":"<p>O MN\u011a Mikol\u00e1\u0161 Kl\u00edr se narodil v roce 1990 v Praze. Vystudoval St\u0159edn\u00ed um\u011bleckopr\u016fmyslovou \u0161kolu v Turnov\u011b, obor um\u011bleck\u00e9 sl\u00e9v\u00e1n\u00ed kov\u016f. V dal\u0161\u00edch letech studoval tak\u00e9 estetiku, v\u00fdtvarnou v\u00fdchovu a geografii. Absolvoval n\u011bkolik samostatn\u00fdch i spole\u010dn\u00fdch v\u00fdstav v \u010cesku i &hellip; <a href=\"https:\/\/mikolasklir.cz\/\">Cel\u00fd p\u0159\u00edsp\u011bvek <span class=\"meta-nav\">&rarr;<\/span><\/a><\/p>\n","protected":false},"author":1,"featured_media":0,"parent":0,"menu_order":0,"comment_status":"closed","ping_status":"closed","template":"","meta":{"footnotes":""},"class_list":["post-70","page","type-page","status-publish","hentry"],"_links":{"self":[{"href":"https:\/\/mikolasklir.cz\/index.php?rest_route=\/wp\/v2\/pages\/70","targetHints":{"allow":["GET"]}}],"collection":[{"href":"https:\/\/mikolasklir.cz\/index.php?rest_route=\/wp\/v2\/pages"}],"about":[{"href":"https:\/\/mikolasklir.cz\/index.php?rest_route=\/wp\/v2\/types\/page"}],"author":[{"embeddable":true,"href":"https:\/\/mikolasklir.cz\/index.php?rest_route=\/wp\/v2\/users\/1"}],"replies":[{"embeddable":true,"href":"https:\/\/mikolasklir.cz\/index.php?rest_route=%2Fwp%2Fv2%2Fcomments&post=70"}],"version-history":[{"count":83,"href":"https:\/\/mikolasklir.cz\/index.php?rest_route=\/wp\/v2\/pages\/70\/revisions"}],"predecessor-version":[{"id":631,"href":"https:\/\/mikolasklir.cz\/index.php?rest_route=\/wp\/v2\/pages\/70\/revisions\/631"}],"wp:attachment":[{"href":"https:\/\/mikolasklir.cz\/index.php?rest_route=%2Fwp%2Fv2%2Fmedia&parent=70"}],"curies":[{"name":"wp","href":"https:\/\/api.w.org\/{rel}","templated":true}]}}